{"id":3,"date":"2024-05-07T12:42:36","date_gmt":"2024-05-07T10:42:36","guid":{"rendered":"http:\/\/blissfilmz.com\/?page_id=3"},"modified":"2024-05-20T15:36:56","modified_gmt":"2024-05-20T13:36:56","slug":"legal-information","status":"publish","type":"page","link":"https:\/\/blissfilmz.com\/index.php\/legal-information\/","title":{"rendered":"Mentions l\u00e9gales"},"content":{"rendered":"\n<h1 class=\"wp-block-heading\">Legal information<\/h1>\n\n\n\n<p>(written in French)<\/p>\n\n\n\n<h1 class=\"wp-block-heading\">Mentions l\u00e9gales<\/h1>\n\n\n\n<p><em>Conform\u00e9ment \u00e0 l&#8217;article 6 de la loi n\u00b0 2004-575 du 21 juin 2004 pour la confiance dans l&#8217;\u00e9conomie num\u00e9rique (LCEN), nous vous informons des \u00e9l\u00e9ments suivants concernant le site internet <\/em><a href=\"https:\/\/blissfilmz.com\/\"><em>https:\/\/blissfilmz.com\/<\/em><\/a><em>.<\/em><\/p>\n\n\n\n<div style=\"height:35px\" aria-hidden=\"true\" class=\"wp-block-spacer\"><\/div>\n\n\n\n<h2 class=\"wp-block-heading\"><strong><strong>1. Informations l\u00e9gales<\/strong><\/strong><\/h2>\n\n\n\n<p><strong>1.1 Identification de l&#8217;\u00e9diteur du site<\/strong><\/p>\n\n\n\n<p>Raison sociale : Blissfilmz<\/p>\n\n\n\n<p>Statut juridique : Auto entrepreneur<\/p>\n\n\n\n<p>Adresse du si\u00e8ge social : 25 rue Jussieu, 75005, Paris, France&nbsp;<\/p>\n\n\n\n<p>Num\u00e9ro de t\u00e9l\u00e9phone : 06 28 65 48 87<\/p>\n\n\n\n<p>Adresse e-mail : Blissfilmzcontact@gmail.com<\/p>\n\n\n\n<p>Num\u00e9ro SIRET : 911 068 278 00017<\/p>\n\n\n\n<p>Directeur de la publication : Lucas Bitter<\/p>\n\n\n\n<p><strong>1.2. H\u00e9bergement du site<\/strong><\/p>\n\n\n\n<p>Nom de l&#8217;h\u00e9bergeur : OVH&nbsp;<\/p>\n\n\n\n<p>Adresse de l&#8217;h\u00e9bergeur : SAS OVH, sis 2 rue Kellermann \u2013 BP 80157 \u2013 59053 Roubaix Cedex 1 \u2013 France<\/p>\n\n\n\n<h2 class=\"wp-block-heading\"><strong><strong>2. <strong>Propri\u00e9t\u00e9 intellectuelle<\/strong><\/strong><\/strong><\/h2>\n\n\n\n<p>L&#8217;ensemble des contenus pr\u00e9sents sur ce site (textes, photographies, vid\u00e9os, logos, graphiques, etc.) est prot\u00e9g\u00e9 par les lois en vigueur sur la propri\u00e9t\u00e9 intellectuelle et sont la propri\u00e9t\u00e9 exclusive de <strong>Blissfilmz<\/strong>, sauf mention contraire. Toute reproduction, repr\u00e9sentation, modification, publication, adaptation de tout ou partie des \u00e9l\u00e9ments du site, quel que soit le moyen ou le proc\u00e9d\u00e9 utilis\u00e9, est interdite, sauf autorisation \u00e9crite pr\u00e9alable de <strong>Blissfilmz<\/strong>.<\/p>\n\n\n\n<h2 class=\"wp-block-heading\"><strong><strong>3. <strong><strong>Donn\u00e9es personnelles<\/strong><\/strong><\/strong><\/strong><\/h2>\n\n\n\n<p>Les informations recueillies via les formulaires de contact ou d&#8217;inscription sur le site sont enregistr\u00e9es dans un fichier informatis\u00e9 par <strong>Blissfilmz<\/strong> pour la gestion des clients et prospects. Elles sont conserv\u00e9es pendant 3 ans et sont destin\u00e9es uniquement \u00e0 <strong>Blissfilmz<\/strong>.<\/p>\n\n\n\n<p>Conform\u00e9ment \u00e0 la loi &#8220;Informatique et Libert\u00e9s&#8221; du 6 janvier 1978 modifi\u00e9e, vous pouvez exercer votre droit d&#8217;acc\u00e8s aux donn\u00e9es vous concernant, les faire rectifier, demander leur suppression ou exercer votre droit \u00e0 la limitation du traitement de vos donn\u00e9es en contactant <strong>Blissfilmz<\/strong> \u00e0 l\u2019adresse mentionn\u00e9e ci-dessus ou par email \u00e0 <em>Blissfilmzcontact@gmail.com<\/em>.<\/p>\n\n\n\n<h2 class=\"wp-block-heading\"><strong><strong>4. <strong><strong>Cookies<\/strong><\/strong><\/strong><\/strong><\/h2>\n\n\n\n<p>Le site <strong><a href=\"https:\/\/blissfilmz.com\/.\"><a href=\"https:\/\/blissfilmz.com\/\"><em>https:\/\/blissfilmz.com\/<\/em><\/a><\/a><\/strong> peut \u00eatre amen\u00e9 \u00e0 vous demander l\u2019acceptation des cookies pour des besoins de statistiques et d\u2019affichage. Un cookie est une information d\u00e9pos\u00e9e sur votre disque dur par le serveur du site que vous visitez. Il contient plusieurs donn\u00e9es qui sont stock\u00e9es sur votre ordinateur dans un simple fichier texte auquel un serveur acc\u00e8de pour lire et enregistrer des informations.<\/p>\n\n\n\n<h2 class=\"wp-block-heading\"><strong><strong><strong>5. Liens hypertextes<\/strong><\/strong><\/strong><\/h2>\n\n\n\n<p>Le site  <strong><a href=\"https:\/\/blissfilmz.com\/.\"><\/a><a href=\"https:\/\/blissfilmz.com\/\"><em>https:\/\/blissfilmz.com\/<\/em><\/a><\/strong> peut contenir des liens hypertextes vers d&#8217;autres sites pr\u00e9sents sur le r\u00e9seau Internet. Les liens vers ces autres ressources vous font quitter le site  <strong><a href=\"https:\/\/blissfilmz.com\/.\"><\/a><a href=\"https:\/\/blissfilmz.com\/\"><em>https:\/\/blissfilmz.com\/<\/em><\/a><\/strong>. Il est possible de cr\u00e9er un lien vers la page de pr\u00e9sentation de ce site sans autorisation expresse de <strong>Blissfilmz<\/strong>. Aucune autorisation ou demande d\u2019information pr\u00e9alable ne peut \u00eatre exig\u00e9e par <strong>Blissfilmz<\/strong> \u00e0 l\u2019\u00e9gard d\u2019un site qui souhaite \u00e9tablir un lien vers le site de <strong>Blissfilmz<\/strong>.<\/p>\n\n\n\n<h2 class=\"wp-block-heading\"><strong><strong><strong><strong>6. Responsabilit\u00e9<\/strong><\/strong><\/strong><\/strong><\/h2>\n\n\n\n<p>Les informations propos\u00e9es sur ce site sont fournies \u00e0 titre indicatif. <strong>Blissfilmz<\/strong> s&#8217;efforce de les maintenir \u00e0 jour et exactes, mais ne peut en garantir l&#8217;exactitude, la compl\u00e9tude ou l&#8217;actualit\u00e9. <strong>Blissfilmz<\/strong> d\u00e9cline toute responsabilit\u00e9 pour tout dommage direct ou indirect r\u00e9sultant de l&#8217;acc\u00e8s \u00e0 ce site et \u00e0 ses contenus.<\/p>\n\n\n\n<h2 class=\"wp-block-heading\"><strong><strong><strong><strong><strong>7. Droit applicable<\/strong><\/strong><\/strong><\/strong><\/strong><\/h2>\n\n\n\n<p>Les pr\u00e9sentes conditions du site <strong><a href=\"https:\/\/blissfilmz.com\/\"><em>https:\/\/blissfilmz.com\/<\/em><\/a><\/strong>  sont r\u00e9gies par les lois fran\u00e7aises et tout litige ou contentieux qui pourrait na\u00eetre de l&#8217;interpr\u00e9tation ou de l&#8217;ex\u00e9cution de celles-ci sera de la comp\u00e9tence exclusive des tribunaux dont d\u00e9pend le 25 rue Jussieu, 75005, Paris, France.<\/p>\n\n\n\n<p>Pour toute question relative aux pr\u00e9sentes mentions l\u00e9gales, vous pouvez nous contacter par e-mail \u00e0 l&#8217;adresse suivante : <em>Blissfilmzcontact@gmail.com<\/em>.<\/p>\n","protected":false},"excerpt":{"rendered":"<p>Legal information (written in French) Mentions l\u00e9gales Conform\u00e9ment \u00e0 l&#8217;article 6 de la loi n\u00b0 2004-575 du 21 juin 2004 pour la confiance dans l&#8217;\u00e9conomie num\u00e9rique (LCEN), nous vous informons des \u00e9l\u00e9ments suivants concernant le site internet https:\/\/blissfilmz.com\/. 1. Informations l\u00e9gales 1.1 Identification de l&#8217;\u00e9diteur du site Raison sociale : Blissfilmz Statut juridique : Auto [&hellip;]<\/p>\n","protected":false},"author":1,"featured_media":0,"parent":0,"menu_order":0,"comment_status":"closed","ping_status":"closed","template":"","meta":{"footnotes":""},"class_list":["post-3","page","type-page","status-publish","hentry"],"_links":{"self":[{"href":"https:\/\/blissfilmz.com\/index.php\/wp-json\/wp\/v2\/pages\/3","targetHints":{"allow":["GET"]}}],"collection":[{"href":"https:\/\/blissfilmz.com\/index.php\/wp-json\/wp\/v2\/pages"}],"about":[{"href":"https:\/\/blissfilmz.com\/index.php\/wp-json\/wp\/v2\/types\/page"}],"author":[{"embeddable":true,"href":"https:\/\/blissfilmz.com\/index.php\/wp-json\/wp\/v2\/users\/1"}],"replies":[{"embeddable":true,"href":"https:\/\/blissfilmz.com\/index.php\/wp-json\/wp\/v2\/comments?post=3"}],"version-history":[{"count":6,"href":"https:\/\/blissfilmz.com\/index.php\/wp-json\/wp\/v2\/pages\/3\/revisions"}],"predecessor-version":[{"id":491,"href":"https:\/\/blissfilmz.com\/index.php\/wp-json\/wp\/v2\/pages\/3\/revisions\/491"}],"wp:attachment":[{"href":"https:\/\/blissfilmz.com\/index.php\/wp-json\/wp\/v2\/media?parent=3"}],"curies":[{"name":"wp","href":"https:\/\/api.w.org\/{rel}","templated":true}]}}